{"id":194,"date":"2020-02-07T14:11:54","date_gmt":"2020-02-07T14:11:54","guid":{"rendered":"https:\/\/lum2.lt\/?page_id=194"},"modified":"2023-05-27T20:04:01","modified_gmt":"2023-05-27T19:04:01","slug":"vertinimas","status":"publish","type":"page","link":"https:\/\/lum2.lt\/index.php\/vertinimas\/","title":{"rendered":"VERTINIMAS"},"content":{"rendered":"\n<h1 class=\"wp-block-heading has-text-align-center\">VERTINIMAS<\/h1>\n\n\n\n<div class=\"wp-block-columns is-layout-flex wp-container-core-columns-is-layout-9d6595d7 wp-block-columns-is-layout-flex\">\n<div class=\"wp-block-column is-layout-flow wp-block-column-is-layout-flow\" style=\"flex-basis:36%\">\n<figure class=\"wp-block-image size-large\"><img loading=\"lazy\" decoding=\"async\" width=\"500\" height=\"810\" src=\"https:\/\/lum2.lt\/wp-content\/uploads\/2020\/02\/vertinimas_banner01.jpg\" alt=\"\" class=\"wp-image-222\" srcset=\"https:\/\/lum2.lt\/wp-content\/uploads\/2020\/02\/vertinimas_banner01.jpg 500w, https:\/\/lum2.lt\/wp-content\/uploads\/2020\/02\/vertinimas_banner01-185x300.jpg 185w\" sizes=\"auto, (max-width: 500px) 100vw, 500px\" \/><\/figure>\n<\/div>\n\n\n\n<div class=\"wp-block-column is-layout-flow wp-block-column-is-layout-flow\" style=\"flex-basis:64%\">\n<figure class=\"wp-block-table\"><table><tbody><tr><td class=\"has-text-align-center\" data-align=\"center\">10<\/td><td>Ar mes tikrai norime to, ko negalima pagerinti?<\/td><\/tr><tr><td class=\"has-text-align-center\" data-align=\"center\">9<\/td><td>Art\u0117ja prie tobulumo<\/td><\/tr><tr><td class=\"has-text-align-center\" data-align=\"center\">8<\/td><td>Ka\u017ekas tinkamo ne tik gerti, bet ir \u0161v\u0119sti<\/td><\/tr><tr><td class=\"has-text-align-center\" data-align=\"center\">7<\/td><td>Puikus g\u0117rimas, ta\u010diau dar yra k\u0105 tobulinti<\/td><\/tr><tr><td class=\"has-text-align-center\" data-align=\"center\">6<\/td><td>Turi savo privalum\u0173, bet turi ir tr\u016bkum\u0173<\/td><\/tr><tr><td class=\"has-text-align-center\" data-align=\"center\">5<\/td><td>Geriamas, bet greitai pamir\u0161tamas<\/td><\/tr><tr><td class=\"has-text-align-center\" data-align=\"center\">4<\/td><td>Kai kuriems tai netgi gali patikti, ta\u010diau turi per daug tr\u016bkum\u0173<\/td><\/tr><tr><td class=\"has-text-align-center\" data-align=\"center\">3<\/td><td>L\u0117tai art\u0117jama prie viskio teritorijos<\/td><\/tr><tr><td class=\"has-text-align-center\" data-align=\"center\">2<\/td><td>Ar i\u0161ties yra ka\u017ekas, kas i\u0161 tikr\u0173j\u0173 tai m\u0117gsta?<\/td><\/tr><tr><td class=\"has-text-align-center\" data-align=\"center\">1<\/td><td>B\u016bk dr\u0105sus ir i\u0161gerk iki dugno!<\/td><\/tr><tr><td class=\"has-text-align-center\" data-align=\"center\">0<\/td><td>Negalima praryti \u0161io skys\u010dio. I\u0161spjauk!<\/td><\/tr><\/tbody><\/table><\/figure>\n<\/div>\n<\/div>\n","protected":false},"excerpt":{"rendered":"<p>VERTINIMAS 10 Ar mes tikrai norime to, ko negalima pagerinti? 9 Art\u0117ja prie tobulumo 8 Ka\u017ekas [&hellip;]<\/p>\n","protected":false},"author":1,"featured_media":0,"parent":0,"menu_order":0,"comment_status":"closed","ping_status":"closed","template":"","meta":{"_uag_custom_page_level_css":"","footnotes":""},"class_list":["post-194","page","type-page","status-publish","hentry"],"yoast_head":"<!-- This site is optimized with the Yoast SEO plugin v27.1.1 - https:\/\/yoast.com\/product\/yoast-seo-wordpress\/ -->\n<title>VERTINIMAS - Skanu<\/title>\n<meta name=\"description\" content=\"viskis whiskey whisky vertinimas\" \/>\n<meta name=\"robots\" content=\"index, follow, max-snippet:-1, max-image-preview:large, max-video-preview:-1\" \/>\n<link rel=\"canonical\" href=\"https:\/\/lum2.lt\/index.php\/vertinimas\/\" \/>\n<meta property=\"og:locale\" content=\"en_GB\" \/>\n<meta property=\"og:type\" content=\"article\" \/>\n<meta property=\"og:title\" content=\"VERTINIMAS - Skanu\" \/>\n<meta property=\"og:description\" content=\"viskis whiskey whisky vertinimas\" \/>\n<meta property=\"og:url\" content=\"https:\/\/lum2.lt\/index.php\/vertinimas\/\" \/>\n<meta property=\"og:site_name\" content=\"Skanu\" \/>\n<meta property=\"article:modified_time\" content=\"2023-05-27T19:04:01+00:00\" \/>\n<meta property=\"og:image\" content=\"https:\/\/lum2.lt\/wp-content\/uploads\/2020\/02\/vertinimas_banner01.jpg\" \/>\n<meta name=\"twitter:card\" content=\"summary_large_image\" \/>\n<meta name=\"twitter:label1\" content=\"Estimated reading time\" \/>\n\t<meta name=\"twitter:data1\" content=\"1 minute\" \/>\n<script type=\"application\/ld+json\" class=\"yoast-schema-graph\">{\"@context\":\"https:\/\/schema.org\",\"@graph\":[{\"@type\":\"WebPage\",\"@id\":\"https:\/\/lum2.lt\/index.php\/vertinimas\/\",\"url\":\"https:\/\/lum2.lt\/index.php\/vertinimas\/\",\"name\":\"VERTINIMAS - Skanu\",\"isPartOf\":{\"@id\":\"https:\/\/lum2.lt\/#website\"},\"primaryImageOfPage\":{\"@id\":\"https:\/\/lum2.lt\/index.php\/vertinimas\/#primaryimage\"},\"image\":{\"@id\":\"https:\/\/lum2.lt\/index.php\/vertinimas\/#primaryimage\"},\"thumbnailUrl\":\"https:\/\/lum2.lt\/wp-content\/uploads\/2020\/02\/vertinimas_banner01.jpg\",\"datePublished\":\"2020-02-07T14:11:54+00:00\",\"dateModified\":\"2023-05-27T19:04:01+00:00\",\"description\":\"viskis whiskey whisky vertinimas\",\"breadcrumb\":{\"@id\":\"https:\/\/lum2.lt\/index.php\/vertinimas\/#breadcrumb\"},\"inLanguage\":\"en-GB\",\"potentialAction\":[{\"@type\":\"ReadAction\",\"target\":[\"https:\/\/lum2.lt\/index.php\/vertinimas\/\"]}]},{\"@type\":\"ImageObject\",\"inLanguage\":\"en-GB\",\"@id\":\"https:\/\/lum2.lt\/index.php\/vertinimas\/#primaryimage\",\"url\":\"https:\/\/lum2.lt\/wp-content\/uploads\/2020\/02\/vertinimas_banner01.jpg\",\"contentUrl\":\"https:\/\/lum2.lt\/wp-content\/uploads\/2020\/02\/vertinimas_banner01.jpg\",\"width\":500,\"height\":810},{\"@type\":\"BreadcrumbList\",\"@id\":\"https:\/\/lum2.lt\/index.php\/vertinimas\/#breadcrumb\",\"itemListElement\":[{\"@type\":\"ListItem\",\"position\":1,\"name\":\"Home\",\"item\":\"https:\/\/lum2.lt\/\"},{\"@type\":\"ListItem\",\"position\":2,\"name\":\"VERTINIMAS\"}]},{\"@type\":\"WebSite\",\"@id\":\"https:\/\/lum2.lt\/#website\",\"url\":\"https:\/\/lum2.lt\/\",\"name\":\"Skanu\",\"description\":\"\",\"publisher\":{\"@id\":\"https:\/\/lum2.lt\/#\/schema\/person\/55a4f09b9befd2b5cc3fb3c9e434354b\"},\"potentialAction\":[{\"@type\":\"SearchAction\",\"target\":{\"@type\":\"EntryPoint\",\"urlTemplate\":\"https:\/\/lum2.lt\/?s={search_term_string}\"},\"query-input\":{\"@type\":\"PropertyValueSpecification\",\"valueRequired\":true,\"valueName\":\"search_term_string\"}}],\"inLanguage\":\"en-GB\"},{\"@type\":[\"Person\",\"Organization\"],\"@id\":\"https:\/\/lum2.lt\/#\/schema\/person\/55a4f09b9befd2b5cc3fb3c9e434354b\",\"name\":\"martensitas\",\"image\":{\"@type\":\"ImageObject\",\"inLanguage\":\"en-GB\",\"@id\":\"https:\/\/lum2.lt\/#\/schema\/person\/image\/\",\"url\":\"https:\/\/lum2.lt\/wp-content\/uploads\/2020\/02\/cropped-CoA01.png\",\"contentUrl\":\"https:\/\/lum2.lt\/wp-content\/uploads\/2020\/02\/cropped-CoA01.png\",\"width\":200,\"height\":268,\"caption\":\"martensitas\"},\"logo\":{\"@id\":\"https:\/\/lum2.lt\/#\/schema\/person\/image\/\"}}]}<\/script>\n<!-- \/ Yoast SEO plugin. -->","yoast_head_json":{"title":"VERTINIMAS - Skanu","description":"viskis whiskey whisky vertinimas","robots":{"index":"index","follow":"follow","max-snippet":"max-snippet:-1","max-image-preview":"max-image-preview:large","max-video-preview":"max-video-preview:-1"},"canonical":"https:\/\/lum2.lt\/index.php\/vertinimas\/","og_locale":"en_GB","og_type":"article","og_title":"VERTINIMAS - Skanu","og_description":"viskis whiskey whisky vertinimas","og_url":"https:\/\/lum2.lt\/index.php\/vertinimas\/","og_site_name":"Skanu","article_modified_time":"2023-05-27T19:04:01+00:00","og_image":[{"url":"https:\/\/lum2.lt\/wp-content\/uploads\/2020\/02\/vertinimas_banner01.jpg","type":"","width":"","height":""}],"twitter_card":"summary_large_image","twitter_misc":{"Estimated reading time":"1 minute"},"schema":{"@context":"https:\/\/schema.org","@graph":[{"@type":"WebPage","@id":"https:\/\/lum2.lt\/index.php\/vertinimas\/","url":"https:\/\/lum2.lt\/index.php\/vertinimas\/","name":"VERTINIMAS - Skanu","isPartOf":{"@id":"https:\/\/lum2.lt\/#website"},"primaryImageOfPage":{"@id":"https:\/\/lum2.lt\/index.php\/vertinimas\/#primaryimage"},"image":{"@id":"https:\/\/lum2.lt\/index.php\/vertinimas\/#primaryimage"},"thumbnailUrl":"https:\/\/lum2.lt\/wp-content\/uploads\/2020\/02\/vertinimas_banner01.jpg","datePublished":"2020-02-07T14:11:54+00:00","dateModified":"2023-05-27T19:04:01+00:00","description":"viskis whiskey whisky vertinimas","breadcrumb":{"@id":"https:\/\/lum2.lt\/index.php\/vertinimas\/#breadcrumb"},"inLanguage":"en-GB","potentialAction":[{"@type":"ReadAction","target":["https:\/\/lum2.lt\/index.php\/vertinimas\/"]}]},{"@type":"ImageObject","inLanguage":"en-GB","@id":"https:\/\/lum2.lt\/index.php\/vertinimas\/#primaryimage","url":"https:\/\/lum2.lt\/wp-content\/uploads\/2020\/02\/vertinimas_banner01.jpg","contentUrl":"https:\/\/lum2.lt\/wp-content\/uploads\/2020\/02\/vertinimas_banner01.jpg","width":500,"height":810},{"@type":"BreadcrumbList","@id":"https:\/\/lum2.lt\/index.php\/vertinimas\/#breadcrumb","itemListElement":[{"@type":"ListItem","position":1,"name":"Home","item":"https:\/\/lum2.lt\/"},{"@type":"ListItem","position":2,"name":"VERTINIMAS"}]},{"@type":"WebSite","@id":"https:\/\/lum2.lt\/#website","url":"https:\/\/lum2.lt\/","name":"Skanu","description":"","publisher":{"@id":"https:\/\/lum2.lt\/#\/schema\/person\/55a4f09b9befd2b5cc3fb3c9e434354b"},"potentialAction":[{"@type":"SearchAction","target":{"@type":"EntryPoint","urlTemplate":"https:\/\/lum2.lt\/?s={search_term_string}"},"query-input":{"@type":"PropertyValueSpecification","valueRequired":true,"valueName":"search_term_string"}}],"inLanguage":"en-GB"},{"@type":["Person","Organization"],"@id":"https:\/\/lum2.lt\/#\/schema\/person\/55a4f09b9befd2b5cc3fb3c9e434354b","name":"martensitas","image":{"@type":"ImageObject","inLanguage":"en-GB","@id":"https:\/\/lum2.lt\/#\/schema\/person\/image\/","url":"https:\/\/lum2.lt\/wp-content\/uploads\/2020\/02\/cropped-CoA01.png","contentUrl":"https:\/\/lum2.lt\/wp-content\/uploads\/2020\/02\/cropped-CoA01.png","width":200,"height":268,"caption":"martensitas"},"logo":{"@id":"https:\/\/lum2.lt\/#\/schema\/person\/image\/"}}]}},"uagb_featured_image_src":{"full":false,"thumbnail":false,"medium":false,"medium_large":false,"large":false,"1536x1536":false,"2048x2048":false},"uagb_author_info":{"display_name":"martensitas","author_link":"https:\/\/lum2.lt\/index.php\/author\/martensitas\/"},"uagb_comment_info":0,"uagb_excerpt":"VERTINIMAS 10 Ar mes tikrai norime to, ko negalima pagerinti? 9 Art\u0117ja prie tobulumo 8 Ka\u017ekas [&hellip;]","_links":{"self":[{"href":"https:\/\/lum2.lt\/index.php\/wp-json\/wp\/v2\/pages\/194","targetHints":{"allow":["GET"]}}],"collection":[{"href":"https:\/\/lum2.lt\/index.php\/wp-json\/wp\/v2\/pages"}],"about":[{"href":"https:\/\/lum2.lt\/index.php\/wp-json\/wp\/v2\/types\/page"}],"author":[{"embeddable":true,"href":"https:\/\/lum2.lt\/index.php\/wp-json\/wp\/v2\/users\/1"}],"replies":[{"embeddable":true,"href":"https:\/\/lum2.lt\/index.php\/wp-json\/wp\/v2\/comments?post=194"}],"version-history":[{"count":44,"href":"https:\/\/lum2.lt\/index.php\/wp-json\/wp\/v2\/pages\/194\/revisions"}],"predecessor-version":[{"id":1851,"href":"https:\/\/lum2.lt\/index.php\/wp-json\/wp\/v2\/pages\/194\/revisions\/1851"}],"wp:attachment":[{"href":"https:\/\/lum2.lt\/index.php\/wp-json\/wp\/v2\/media?parent=194"}],"curies":[{"name":"wp","href":"https:\/\/api.w.org\/{rel}","templated":true}]}}