{"id":163,"date":"2020-02-06T11:14:40","date_gmt":"2020-02-06T11:14:40","guid":{"rendered":"https:\/\/lum2.lt\/?page_id=163"},"modified":"2022-08-19T08:53:21","modified_gmt":"2022-08-19T07:53:21","slug":"apie_viski","status":"publish","type":"page","link":"https:\/\/lum2.lt\/index.php\/apie_viski\/","title":{"rendered":"APIE VISK\u012e"},"content":{"rendered":"\n<div class=\"wp-block-image\"><figure class=\"aligncenter size-large\"><img loading=\"lazy\" decoding=\"async\" width=\"1000\" height=\"465\" src=\"https:\/\/lum2.lt\/wp-content\/uploads\/2020\/02\/apie_viski_banner01.jpg\" alt=\"\" class=\"wp-image-217\" srcset=\"https:\/\/lum2.lt\/wp-content\/uploads\/2020\/02\/apie_viski_banner01.jpg 1000w, https:\/\/lum2.lt\/wp-content\/uploads\/2020\/02\/apie_viski_banner01-300x140.jpg 300w, https:\/\/lum2.lt\/wp-content\/uploads\/2020\/02\/apie_viski_banner01-768x357.jpg 768w\" sizes=\"auto, (max-width: 1000px) 100vw, 1000px\" \/><\/figure><\/div>\n\n\n\n<h1 class=\"has-text-align-center wp-block-heading\">R\u016a\u0160YS<\/h1>\n\n\n\n<p><\/p>\n\n\n\n<p><\/p>\n\n\n\n<div class=\"wp-block-columns is-layout-flex wp-container-core-columns-is-layout-9d6595d7 wp-block-columns-is-layout-flex\">\n<div class=\"wp-block-column is-layout-flow wp-block-column-is-layout-flow\" style=\"flex-basis:18%\">\n<h4 class=\"wp-block-heading\">SINGLE MALT<\/h4>\n<\/div>\n\n\n\n<div class=\"wp-block-column is-layout-flow wp-block-column-is-layout-flow\" style=\"flex-basis:82%\">\n<p class=\"has-normal-font-size\">Tai vieno salyklo viskis distiliuotas vienoje \u012fmon\u0117je. Paprastai b\u016bna sumai\u0161ytas i\u0161 skirting\u0173 statini\u0173 ( nebent b\u016bt\u0173 vienos statin\u0117s (angl. Single Cask ) ir \u012fvairi\u0173 brandinimo met\u0173 \u2013 tai gamintojui leid\u017eia sukurti pastov\u0173, nesikei\u010diant\u012f tos \u012fmon\u0117s viskio skon\u012f.<br>Daugeliu atvej\u0173 vieno salyklo viskio apra\u0161e minimas distilerijos pavadinimas, am\u017eiaus nuoroda ir galb\u016bt papildomos pastabos ( pvz. apie brandinim\u0105 porto statin\u0117se ). <\/p>\n\n\n\n<hr class=\"wp-block-separator\"\/>\n<\/div>\n<\/div>\n\n\n\n<div class=\"wp-block-columns is-layout-flex wp-container-core-columns-is-layout-9d6595d7 wp-block-columns-is-layout-flex\">\n<div class=\"wp-block-column is-layout-flow wp-block-column-is-layout-flow\" style=\"flex-basis:18%\">\n<h4 class=\"wp-block-heading\">BLENDED MALT<\/h4>\n<\/div>\n\n\n\n<div class=\"wp-block-column is-layout-flow wp-block-column-is-layout-flow\" style=\"flex-basis:82%\">\n<p class=\"has-normal-font-size\">Tai mai\u0161ytas viskis, kuris gautas mai\u0161ant vieno salyklo ( angl. Single Malt ) viskius i\u0161 skirting\u0173 distilerij\u0173. Jei viskio apra\u0161e yra \u012fra\u0161ai \u201ePure Malt\u201c ar tiesiog \u201eMalt\u201c \u2013 tai rei\u0161kia, kad tai yra Blended Malt viskis. <\/p>\n\n\n\n<hr class=\"wp-block-separator\"\/>\n<\/div>\n<\/div>\n\n\n\n<div class=\"wp-block-columns is-layout-flex wp-container-core-columns-is-layout-9d6595d7 wp-block-columns-is-layout-flex\">\n<div class=\"wp-block-column is-layout-flow wp-block-column-is-layout-flow\" style=\"flex-basis:18%\">\n<h4 class=\"wp-block-heading\">GRAIN WHISKY<\/h4>\n<\/div>\n\n\n\n<div class=\"wp-block-column is-layout-flow wp-block-column-is-layout-flow\" style=\"flex-basis:82%\">\n<p class=\"has-normal-font-size\"> Tai gr\u016bdinis viskis gamintas i\u0161 salyklini\u0173 ir paprast\u0173 mie\u017ei\u0173, kartais kit\u0173 gr\u016bd\u0173, nuoseklios distiliacijos b\u016bdu.<br>Anks\u010diau naudotas tik mai\u0161ymui su kitomis r\u016b\u0161imis, pastaruoju metu rinkoje atsiranda \u201eSingle Grain\u201c viski\u0173. <\/p>\n\n\n\n<hr class=\"wp-block-separator\"\/>\n<\/div>\n<\/div>\n\n\n\n<div class=\"wp-block-columns is-layout-flex wp-container-core-columns-is-layout-9d6595d7 wp-block-columns-is-layout-flex\">\n<div class=\"wp-block-column is-layout-flow wp-block-column-is-layout-flow\" style=\"flex-basis:18%\">\n<h4 class=\"wp-block-heading\">BLENDED WHISKY<\/h4>\n<\/div>\n\n\n\n<div class=\"wp-block-column is-layout-flow wp-block-column-is-layout-flow\" style=\"flex-basis:82%\">\n<p class=\"has-normal-font-size\"> Tai viskis, gautas mai\u0161ant skirtingus salyklinius ir gr\u016bdinius viskius paprastai gamintus skirtingose distilerijose. Tai gamintojui leid\u017eia sukurti pastov\u0173, nesikei\u010diant\u012f tos \u012fmon\u0117s viskio skon\u012f. Viskio apra\u0161e minimas prek\u0117s \u017eenklo, o ne distilerijos pavadinimas.  <\/p>\n\n\n\n<hr class=\"wp-block-separator\"\/>\n<\/div>\n<\/div>\n\n\n\n<div class=\"wp-block-columns is-layout-flex wp-container-core-columns-is-layout-9d6595d7 wp-block-columns-is-layout-flex\">\n<div class=\"wp-block-column is-layout-flow wp-block-column-is-layout-flow\" style=\"flex-basis:18%\">\n<h4 class=\"wp-block-heading\">CASK STRENGTH<\/h4>\n\n\n\n<p>(dar \u017einomas kaip Barrel Proof)<\/p>\n<\/div>\n\n\n\n<div class=\"wp-block-column is-layout-flow wp-block-column-is-layout-flow\" style=\"flex-basis:82%\">\n<p class=\"has-normal-font-size\"> Tai viskiai i\u0161pilstyti \u012f butelius i\u0161 statin\u0117s j\u0173 neskied\u017eiant arba tik \u0161iek tiek skied\u017eiant.<br>Toks i\u0161pilstymo b\u016bdas yra retas, o taip i\u0161pilstomi paprastai yra tik patys geriausi viskiai. <\/p>\n\n\n\n<hr class=\"wp-block-separator\"\/>\n<\/div>\n<\/div>\n\n\n\n<div class=\"wp-block-columns is-layout-flex wp-container-core-columns-is-layout-9d6595d7 wp-block-columns-is-layout-flex\">\n<div class=\"wp-block-column is-layout-flow wp-block-column-is-layout-flow\" style=\"flex-basis:18%\">\n<h4 class=\"wp-block-heading\">SINGLE CASK<\/h4>\n\n\n\n<p>(dar \u017einomas kaip Single Barrel)<\/p>\n<\/div>\n\n\n\n<div class=\"wp-block-column is-layout-flow wp-block-column-is-layout-flow\" style=\"flex-basis:82%\">\n<p class=\"has-normal-font-size\"> \u200aTai viskiai i\u0161pilstyti \u012f butelius i\u0161 vienos statin\u0117s. Da\u017enai buteliai yra su\u017eym\u0117ti nurodant statin\u0119 ir buteli\u0173 kiek\u012f. To paties gamintojo \u0161io tipo viskio, i\u0161pilstyto i\u0161 skirting\u0173 statini\u0173, skonis gali smarkiai skirtis. <\/p>\n<\/div>\n<\/div>\n\n\n\n<h2 class=\"has-text-align-center wp-block-heading\">SUD\u0116TIS<\/h2>\n\n\n\n<p><\/p>\n\n\n\n<div class=\"wp-block-columns is-layout-flex wp-container-core-columns-is-layout-9d6595d7 wp-block-columns-is-layout-flex\">\n<div class=\"wp-block-column is-layout-flow wp-block-column-is-layout-flow\" style=\"flex-basis:18%\">\n<h4 class=\"wp-block-heading\">SALYKLINIS VISKIS<\/h4>\n\n\n\n<p>(ang. MALT)<\/p>\n<\/div>\n\n\n\n<div class=\"wp-block-column is-layout-flow wp-block-column-is-layout-flow\" style=\"flex-basis:82%\">\n<p class=\"has-normal-font-size\">Tai tradiciniu b\u016bdu gamintas viskis i\u0161 mie\u017ei\u0173 salyklo. Kadangi daiginti mie\u017eiai d\u017eiovinami vir\u0161 degan\u010di\u0173 durpi\u0173, salyklas bei i\u0161 jo i\u0161varytas spiritas \u012fgyja specifin\u012f durpi\u0173 (mi\u0161ko \u0161altinio) bei d\u016bm\u0173 kvap\u0105.&nbsp;&nbsp;<br>Distiliuojamas du arba tris kartus, pasi\u017eymi itin stipriu aromatu bei skoniu.  <\/p>\n\n\n\n<hr class=\"wp-block-separator\"\/>\n<\/div>\n<\/div>\n\n\n\n<div class=\"wp-block-columns is-layout-flex wp-container-core-columns-is-layout-9d6595d7 wp-block-columns-is-layout-flex\">\n<div class=\"wp-block-column is-layout-flow wp-block-column-is-layout-flow\" style=\"flex-basis:18%\">\n<h4 class=\"wp-block-heading\">GR\u016aDINIS VISKIS<\/h4>\n\n\n\n<p>(ang. GRAIN)<\/p>\n<\/div>\n\n\n\n<div class=\"wp-block-column is-layout-flow wp-block-column-is-layout-flow\" style=\"flex-basis:82%\">\n<p class=\"has-normal-font-size\">Silpno kvapo viskis, gaminamas i\u0161 mie\u017ei\u0173 bei kit\u0173 gr\u016bd\u0173. Paprastai grynas gr\u016bdinis viskis neparduodamas, o naudojamas mai\u0161ymui su salykliniais viskiais.<br>Gaminamas i\u0161 gr\u016bd\u0173 raugo, \u012f kur\u012f \u012fpilama \u0161iek tiek salyklo, paprastai distiliuojamas tik vien\u0105 kart\u0105. <\/p>\n\n\n\n<hr class=\"wp-block-separator\"\/>\n<\/div>\n<\/div>\n\n\n\n<div class=\"wp-block-columns is-layout-flex wp-container-core-columns-is-layout-9d6595d7 wp-block-columns-is-layout-flex\">\n<div class=\"wp-block-column is-layout-flow wp-block-column-is-layout-flow\" style=\"flex-basis:18%\">\n<h4 class=\"wp-block-heading\">MAI\u0160YTAS VISKIS<\/h4>\n\n\n\n<p>(ang. BLENDED)<\/p>\n<\/div>\n\n\n\n<div class=\"wp-block-column is-layout-flow wp-block-column-is-layout-flow\" style=\"flex-basis:82%\">\n<p class=\"has-normal-font-size\">Labiausiai paplitusi viskio r\u016b\u0161is. Gaminama, distiliuojant (kai kada \u2013 tiesiog mai\u0161ant) ma\u017edaug 2\/3 dalis gr\u016bdinio ir 1\/3 dal\u012f salyklinio viskio.<br>Mai\u0161ytas viskis yra \u0161velnesnio skonio, nei salyklinis, jo kaina irgi daug ma\u017eesn\u0117. Mai\u0161ymui da\u017eniausiai naudojamos 20-50 salyklinio bei 3-8 gr\u016bdinio viskio r\u016b\u0161ys, mai\u0161ymo b\u016bdai ir panaudoti viskiai da\u017eniausiai laikomi paslaptyje. <\/p>\n<\/div>\n<\/div>\n","protected":false},"excerpt":{"rendered":"<p>R\u016a\u0160YS SINGLE MALT Tai vieno salyklo viskis distiliuotas vienoje \u012fmon\u0117je. Paprastai b\u016bna sumai\u0161ytas i\u0161 skirting\u0173 statini\u0173 [&hellip;]<\/p>\n","protected":false},"author":1,"featured_media":0,"parent":0,"menu_order":0,"comment_status":"closed","ping_status":"closed","template":"","meta":{"_uag_custom_page_level_css":"","footnotes":""},"class_list":["post-163","page","type-page","status-publish","hentry"],"yoast_head":"<!-- This site is optimized with the Yoast SEO plugin v27.1.1 - https:\/\/yoast.com\/product\/yoast-seo-wordpress\/ -->\n<title>APIE VISK\u012e - Skanu<\/title>\n<meta name=\"description\" content=\"SINGLE MALT, BLENDED, GRAIN WHISKY, CASK STRENGTH, Barrel Proof, SINGLE CASK, Single Barrel, SALYKLINIS, GR\u016aDINIS, VISKIS\" \/>\n<meta name=\"robots\" content=\"index, follow, max-snippet:-1, max-image-preview:large, max-video-preview:-1\" \/>\n<link rel=\"canonical\" href=\"https:\/\/lum2.lt\/index.php\/apie_viski\/\" \/>\n<meta property=\"og:locale\" content=\"en_GB\" \/>\n<meta property=\"og:type\" content=\"article\" \/>\n<meta property=\"og:title\" content=\"APIE VISK\u012e - Skanu\" \/>\n<meta property=\"og:description\" content=\"SINGLE MALT, BLENDED, GRAIN WHISKY, CASK STRENGTH, Barrel Proof, SINGLE CASK, Single Barrel, SALYKLINIS, GR\u016aDINIS, VISKIS\" \/>\n<meta property=\"og:url\" content=\"https:\/\/lum2.lt\/index.php\/apie_viski\/\" \/>\n<meta property=\"og:site_name\" content=\"Skanu\" \/>\n<meta property=\"article:modified_time\" content=\"2022-08-19T07:53:21+00:00\" \/>\n<meta property=\"og:image\" content=\"https:\/\/lum2.lt\/wp-content\/uploads\/2020\/02\/apie_viski_banner01.jpg\" \/>\n<meta name=\"twitter:card\" content=\"summary_large_image\" \/>\n<meta name=\"twitter:label1\" content=\"Estimated reading time\" \/>\n\t<meta name=\"twitter:data1\" content=\"2 minutes\" \/>\n<script type=\"application\/ld+json\" class=\"yoast-schema-graph\">{\"@context\":\"https:\/\/schema.org\",\"@graph\":[{\"@type\":\"WebPage\",\"@id\":\"https:\/\/lum2.lt\/index.php\/apie_viski\/\",\"url\":\"https:\/\/lum2.lt\/index.php\/apie_viski\/\",\"name\":\"APIE VISK\u012e - Skanu\",\"isPartOf\":{\"@id\":\"https:\/\/lum2.lt\/#website\"},\"primaryImageOfPage\":{\"@id\":\"https:\/\/lum2.lt\/index.php\/apie_viski\/#primaryimage\"},\"image\":{\"@id\":\"https:\/\/lum2.lt\/index.php\/apie_viski\/#primaryimage\"},\"thumbnailUrl\":\"https:\/\/lum2.lt\/wp-content\/uploads\/2020\/02\/apie_viski_banner01.jpg\",\"datePublished\":\"2020-02-06T11:14:40+00:00\",\"dateModified\":\"2022-08-19T07:53:21+00:00\",\"description\":\"SINGLE MALT, BLENDED, GRAIN WHISKY, CASK STRENGTH, Barrel Proof, SINGLE CASK, Single Barrel, SALYKLINIS, GR\u016aDINIS, VISKIS\",\"breadcrumb\":{\"@id\":\"https:\/\/lum2.lt\/index.php\/apie_viski\/#breadcrumb\"},\"inLanguage\":\"en-GB\",\"potentialAction\":[{\"@type\":\"ReadAction\",\"target\":[\"https:\/\/lum2.lt\/index.php\/apie_viski\/\"]}]},{\"@type\":\"ImageObject\",\"inLanguage\":\"en-GB\",\"@id\":\"https:\/\/lum2.lt\/index.php\/apie_viski\/#primaryimage\",\"url\":\"https:\/\/lum2.lt\/wp-content\/uploads\/2020\/02\/apie_viski_banner01.jpg\",\"contentUrl\":\"https:\/\/lum2.lt\/wp-content\/uploads\/2020\/02\/apie_viski_banner01.jpg\",\"width\":1000,\"height\":465},{\"@type\":\"BreadcrumbList\",\"@id\":\"https:\/\/lum2.lt\/index.php\/apie_viski\/#breadcrumb\",\"itemListElement\":[{\"@type\":\"ListItem\",\"position\":1,\"name\":\"Home\",\"item\":\"https:\/\/lum2.lt\/\"},{\"@type\":\"ListItem\",\"position\":2,\"name\":\"APIE VISK\u012e\"}]},{\"@type\":\"WebSite\",\"@id\":\"https:\/\/lum2.lt\/#website\",\"url\":\"https:\/\/lum2.lt\/\",\"name\":\"Skanu\",\"description\":\"\",\"publisher\":{\"@id\":\"https:\/\/lum2.lt\/#\/schema\/person\/55a4f09b9befd2b5cc3fb3c9e434354b\"},\"potentialAction\":[{\"@type\":\"SearchAction\",\"target\":{\"@type\":\"EntryPoint\",\"urlTemplate\":\"https:\/\/lum2.lt\/?s={search_term_string}\"},\"query-input\":{\"@type\":\"PropertyValueSpecification\",\"valueRequired\":true,\"valueName\":\"search_term_string\"}}],\"inLanguage\":\"en-GB\"},{\"@type\":[\"Person\",\"Organization\"],\"@id\":\"https:\/\/lum2.lt\/#\/schema\/person\/55a4f09b9befd2b5cc3fb3c9e434354b\",\"name\":\"martensitas\",\"image\":{\"@type\":\"ImageObject\",\"inLanguage\":\"en-GB\",\"@id\":\"https:\/\/lum2.lt\/#\/schema\/person\/image\/\",\"url\":\"https:\/\/lum2.lt\/wp-content\/uploads\/2020\/02\/cropped-CoA01.png\",\"contentUrl\":\"https:\/\/lum2.lt\/wp-content\/uploads\/2020\/02\/cropped-CoA01.png\",\"width\":200,\"height\":268,\"caption\":\"martensitas\"},\"logo\":{\"@id\":\"https:\/\/lum2.lt\/#\/schema\/person\/image\/\"}}]}<\/script>\n<!-- \/ Yoast SEO plugin. -->","yoast_head_json":{"title":"APIE VISK\u012e - Skanu","description":"SINGLE MALT, BLENDED, GRAIN WHISKY, CASK STRENGTH, Barrel Proof, SINGLE CASK, Single Barrel, SALYKLINIS, GR\u016aDINIS, VISKIS","robots":{"index":"index","follow":"follow","max-snippet":"max-snippet:-1","max-image-preview":"max-image-preview:large","max-video-preview":"max-video-preview:-1"},"canonical":"https:\/\/lum2.lt\/index.php\/apie_viski\/","og_locale":"en_GB","og_type":"article","og_title":"APIE VISK\u012e - Skanu","og_description":"SINGLE MALT, BLENDED, GRAIN WHISKY, CASK STRENGTH, Barrel Proof, SINGLE CASK, Single Barrel, SALYKLINIS, GR\u016aDINIS, VISKIS","og_url":"https:\/\/lum2.lt\/index.php\/apie_viski\/","og_site_name":"Skanu","article_modified_time":"2022-08-19T07:53:21+00:00","og_image":[{"url":"https:\/\/lum2.lt\/wp-content\/uploads\/2020\/02\/apie_viski_banner01.jpg","type":"","width":"","height":""}],"twitter_card":"summary_large_image","twitter_misc":{"Estimated reading time":"2 minutes"},"schema":{"@context":"https:\/\/schema.org","@graph":[{"@type":"WebPage","@id":"https:\/\/lum2.lt\/index.php\/apie_viski\/","url":"https:\/\/lum2.lt\/index.php\/apie_viski\/","name":"APIE VISK\u012e - Skanu","isPartOf":{"@id":"https:\/\/lum2.lt\/#website"},"primaryImageOfPage":{"@id":"https:\/\/lum2.lt\/index.php\/apie_viski\/#primaryimage"},"image":{"@id":"https:\/\/lum2.lt\/index.php\/apie_viski\/#primaryimage"},"thumbnailUrl":"https:\/\/lum2.lt\/wp-content\/uploads\/2020\/02\/apie_viski_banner01.jpg","datePublished":"2020-02-06T11:14:40+00:00","dateModified":"2022-08-19T07:53:21+00:00","description":"SINGLE MALT, BLENDED, GRAIN WHISKY, CASK STRENGTH, Barrel Proof, SINGLE CASK, Single Barrel, SALYKLINIS, GR\u016aDINIS, VISKIS","breadcrumb":{"@id":"https:\/\/lum2.lt\/index.php\/apie_viski\/#breadcrumb"},"inLanguage":"en-GB","potentialAction":[{"@type":"ReadAction","target":["https:\/\/lum2.lt\/index.php\/apie_viski\/"]}]},{"@type":"ImageObject","inLanguage":"en-GB","@id":"https:\/\/lum2.lt\/index.php\/apie_viski\/#primaryimage","url":"https:\/\/lum2.lt\/wp-content\/uploads\/2020\/02\/apie_viski_banner01.jpg","contentUrl":"https:\/\/lum2.lt\/wp-content\/uploads\/2020\/02\/apie_viski_banner01.jpg","width":1000,"height":465},{"@type":"BreadcrumbList","@id":"https:\/\/lum2.lt\/index.php\/apie_viski\/#breadcrumb","itemListElement":[{"@type":"ListItem","position":1,"name":"Home","item":"https:\/\/lum2.lt\/"},{"@type":"ListItem","position":2,"name":"APIE VISK\u012e"}]},{"@type":"WebSite","@id":"https:\/\/lum2.lt\/#website","url":"https:\/\/lum2.lt\/","name":"Skanu","description":"","publisher":{"@id":"https:\/\/lum2.lt\/#\/schema\/person\/55a4f09b9befd2b5cc3fb3c9e434354b"},"potentialAction":[{"@type":"SearchAction","target":{"@type":"EntryPoint","urlTemplate":"https:\/\/lum2.lt\/?s={search_term_string}"},"query-input":{"@type":"PropertyValueSpecification","valueRequired":true,"valueName":"search_term_string"}}],"inLanguage":"en-GB"},{"@type":["Person","Organization"],"@id":"https:\/\/lum2.lt\/#\/schema\/person\/55a4f09b9befd2b5cc3fb3c9e434354b","name":"martensitas","image":{"@type":"ImageObject","inLanguage":"en-GB","@id":"https:\/\/lum2.lt\/#\/schema\/person\/image\/","url":"https:\/\/lum2.lt\/wp-content\/uploads\/2020\/02\/cropped-CoA01.png","contentUrl":"https:\/\/lum2.lt\/wp-content\/uploads\/2020\/02\/cropped-CoA01.png","width":200,"height":268,"caption":"martensitas"},"logo":{"@id":"https:\/\/lum2.lt\/#\/schema\/person\/image\/"}}]}},"uagb_featured_image_src":{"full":false,"thumbnail":false,"medium":false,"medium_large":false,"large":false,"1536x1536":false,"2048x2048":false},"uagb_author_info":{"display_name":"martensitas","author_link":"https:\/\/lum2.lt\/index.php\/author\/martensitas\/"},"uagb_comment_info":0,"uagb_excerpt":"R\u016a\u0160YS SINGLE MALT Tai vieno salyklo viskis distiliuotas vienoje \u012fmon\u0117je. Paprastai b\u016bna sumai\u0161ytas i\u0161 skirting\u0173 statini\u0173 [&hellip;]","_links":{"self":[{"href":"https:\/\/lum2.lt\/index.php\/wp-json\/wp\/v2\/pages\/163","targetHints":{"allow":["GET"]}}],"collection":[{"href":"https:\/\/lum2.lt\/index.php\/wp-json\/wp\/v2\/pages"}],"about":[{"href":"https:\/\/lum2.lt\/index.php\/wp-json\/wp\/v2\/types\/page"}],"author":[{"embeddable":true,"href":"https:\/\/lum2.lt\/index.php\/wp-json\/wp\/v2\/users\/1"}],"replies":[{"embeddable":true,"href":"https:\/\/lum2.lt\/index.php\/wp-json\/wp\/v2\/comments?post=163"}],"version-history":[{"count":37,"href":"https:\/\/lum2.lt\/index.php\/wp-json\/wp\/v2\/pages\/163\/revisions"}],"predecessor-version":[{"id":1564,"href":"https:\/\/lum2.lt\/index.php\/wp-json\/wp\/v2\/pages\/163\/revisions\/1564"}],"wp:attachment":[{"href":"https:\/\/lum2.lt\/index.php\/wp-json\/wp\/v2\/media?parent=163"}],"curies":[{"name":"wp","href":"https:\/\/api.w.org\/{rel}","templated":true}]}}