{"id":129,"date":"2020-02-04T20:30:12","date_gmt":"2020-02-04T20:30:12","guid":{"rendered":"http:\/\/lum2.lt\/?page_id=129"},"modified":"2022-08-19T07:10:42","modified_gmt":"2022-08-19T06:10:42","slug":"pradzia","status":"publish","type":"page","link":"https:\/\/lum2.lt\/","title":{"rendered":"PRAD\u017dIA"},"content":{"rendered":"\n<div class=\"wp-block-image\"><figure class=\"aligncenter size-large\"><img loading=\"lazy\" decoding=\"async\" width=\"1024\" height=\"493\" src=\"https:\/\/lum2.lt\/wp-content\/uploads\/2020\/02\/pradzia_banner03.jpg\" alt=\"\" class=\"wp-image-151\" srcset=\"https:\/\/lum2.lt\/wp-content\/uploads\/2020\/02\/pradzia_banner03.jpg 1024w, https:\/\/lum2.lt\/wp-content\/uploads\/2020\/02\/pradzia_banner03-300x144.jpg 300w, https:\/\/lum2.lt\/wp-content\/uploads\/2020\/02\/pradzia_banner03-768x370.jpg 768w\" sizes=\"auto, (max-width: 1024px) 100vw, 1024px\" \/><\/figure><\/div>\n\n\n\n<h1 class=\"wp-block-heading\"> Padegustuokim <\/h1>\n\n\n\n<p><\/p>\n\n\n\n<p><\/p>\n\n\n\n<p class=\"has-normal-font-size\"><strong>Viskis<\/strong>&nbsp;(i\u0161 senov\u0117s kelt\u0173 Uisqe beatha, Uisque baugh \u2013 gyvyb\u0117s vanduo, senov\u0117s angl. uishgi, \u0161iuolaikine angl\u0173 kalba Whisky arba Whiskey) \u2013 alkoholinis g\u0117rimas, gaminamas fermentuojant gr\u016bd\u0173 (da\u017eniausiai mie\u017ei\u0173, kvie\u010di\u0173, rugi\u0173, kukur\u016bz\u0173) salykl\u0105, o gaut\u0105 skyst\u012f distiliuojant ir brandinant statin\u0117se (paprastai \u0105\u017euolo).<\/p>\n\n\n\n<p class=\"has-normal-font-size\">Pirm\u0105 kart\u0105 ra\u0161ytiniuose \u0161altiniuose viskis pamin\u0117tas 1405 m. Airijoje, o 1496 m. \u2013 \u0160kotijoje. Manoma, kad viskis buvo gaminamas bent kelis \u0161imtus met\u0173 iki pirmojo pamin\u0117jimo, ta\u010diau tiksli viskio kilm\u0117s vieta n\u0117ra \u017einoma.<\/p>\n\n\n\n<p class=\"has-normal-font-size\">Pasak legendos viskio distiliacij\u0105 Brit\u0173 salose i\u0161rado \u0160ventasis Patrikas V a. \u0160iuo metu manoma, kad distiliacija atrasta ma\u017edaug VIII \u2013 IX a. Artimuosiuose rytuose, \u012f Brit\u0173 salas \u017einias apie distiliacij\u0105 atgabeno vienuoliai. <\/p>\n","protected":false},"excerpt":{"rendered":"<p>Padegustuokim Viskis&nbsp;(i\u0161 senov\u0117s kelt\u0173 Uisqe beatha, Uisque baugh \u2013 gyvyb\u0117s vanduo, senov\u0117s angl. uishgi, \u0161iuolaikine angl\u0173 [&hellip;]<\/p>\n","protected":false},"author":1,"featured_media":0,"parent":0,"menu_order":0,"comment_status":"closed","ping_status":"closed","template":"","meta":{"_uag_custom_page_level_css":"","footnotes":""},"class_list":["post-129","page","type-page","status-publish","hentry"],"yoast_head":"<!-- This site is optimized with the Yoast SEO plugin v27.1.1 - https:\/\/yoast.com\/product\/yoast-seo-wordpress\/ -->\n<title>PRAD\u017dIA - Skanu<\/title>\n<meta name=\"description\" content=\"viskio istorija Uisqe beatha Uisque baugh gyvyb\u0117s vanduo salyklas Airija \u0160kotija \u0160ventasis Patrikas distiliacija distilerija\" \/>\n<meta name=\"robots\" content=\"index, follow, max-snippet:-1, max-image-preview:large, max-video-preview:-1\" \/>\n<link rel=\"canonical\" href=\"https:\/\/lum2.lt\/\" \/>\n<meta property=\"og:locale\" content=\"en_GB\" \/>\n<meta property=\"og:type\" content=\"article\" \/>\n<meta property=\"og:title\" content=\"PRAD\u017dIA - Skanu\" \/>\n<meta property=\"og:description\" content=\"viskio istorija Uisqe beatha Uisque baugh gyvyb\u0117s vanduo salyklas Airija \u0160kotija \u0160ventasis Patrikas distiliacija distilerija\" \/>\n<meta property=\"og:url\" content=\"https:\/\/lum2.lt\/\" \/>\n<meta property=\"og:site_name\" content=\"Skanu\" \/>\n<meta property=\"article:modified_time\" content=\"2022-08-19T06:10:42+00:00\" \/>\n<meta property=\"og:image\" content=\"https:\/\/lum2.lt\/wp-content\/uploads\/2020\/02\/pradzia_banner03.jpg\" \/>\n<meta name=\"twitter:card\" content=\"summary_large_image\" \/>\n<meta name=\"twitter:label1\" content=\"Estimated reading time\" \/>\n\t<meta name=\"twitter:data1\" content=\"1 minute\" \/>\n<script type=\"application\/ld+json\" class=\"yoast-schema-graph\">{\"@context\":\"https:\/\/schema.org\",\"@graph\":[{\"@type\":\"WebPage\",\"@id\":\"https:\/\/lum2.lt\/\",\"url\":\"https:\/\/lum2.lt\/\",\"name\":\"PRAD\u017dIA - Skanu\",\"isPartOf\":{\"@id\":\"https:\/\/lum2.lt\/#website\"},\"primaryImageOfPage\":{\"@id\":\"https:\/\/lum2.lt\/#primaryimage\"},\"image\":{\"@id\":\"https:\/\/lum2.lt\/#primaryimage\"},\"thumbnailUrl\":\"https:\/\/lum2.lt\/wp-content\/uploads\/2020\/02\/pradzia_banner03.jpg\",\"datePublished\":\"2020-02-04T20:30:12+00:00\",\"dateModified\":\"2022-08-19T06:10:42+00:00\",\"description\":\"viskio istorija Uisqe beatha Uisque baugh gyvyb\u0117s vanduo salyklas Airija \u0160kotija \u0160ventasis Patrikas distiliacija distilerija\",\"breadcrumb\":{\"@id\":\"https:\/\/lum2.lt\/#breadcrumb\"},\"inLanguage\":\"en-GB\",\"potentialAction\":[{\"@type\":\"ReadAction\",\"target\":[\"https:\/\/lum2.lt\/\"]}]},{\"@type\":\"ImageObject\",\"inLanguage\":\"en-GB\",\"@id\":\"https:\/\/lum2.lt\/#primaryimage\",\"url\":\"https:\/\/lum2.lt\/wp-content\/uploads\/2020\/02\/pradzia_banner03.jpg\",\"contentUrl\":\"https:\/\/lum2.lt\/wp-content\/uploads\/2020\/02\/pradzia_banner03.jpg\",\"width\":1024,\"height\":493},{\"@type\":\"BreadcrumbList\",\"@id\":\"https:\/\/lum2.lt\/#breadcrumb\",\"itemListElement\":[{\"@type\":\"ListItem\",\"position\":1,\"name\":\"Home\",\"item\":\"https:\/\/lum2.lt\/\"},{\"@type\":\"ListItem\",\"position\":2,\"name\":\"PRAD\u017dIA\"}]},{\"@type\":\"WebSite\",\"@id\":\"https:\/\/lum2.lt\/#website\",\"url\":\"https:\/\/lum2.lt\/\",\"name\":\"Skanu\",\"description\":\"\",\"publisher\":{\"@id\":\"https:\/\/lum2.lt\/#\/schema\/person\/55a4f09b9befd2b5cc3fb3c9e434354b\"},\"potentialAction\":[{\"@type\":\"SearchAction\",\"target\":{\"@type\":\"EntryPoint\",\"urlTemplate\":\"https:\/\/lum2.lt\/?s={search_term_string}\"},\"query-input\":{\"@type\":\"PropertyValueSpecification\",\"valueRequired\":true,\"valueName\":\"search_term_string\"}}],\"inLanguage\":\"en-GB\"},{\"@type\":[\"Person\",\"Organization\"],\"@id\":\"https:\/\/lum2.lt\/#\/schema\/person\/55a4f09b9befd2b5cc3fb3c9e434354b\",\"name\":\"martensitas\",\"image\":{\"@type\":\"ImageObject\",\"inLanguage\":\"en-GB\",\"@id\":\"https:\/\/lum2.lt\/#\/schema\/person\/image\/\",\"url\":\"https:\/\/lum2.lt\/wp-content\/uploads\/2020\/02\/cropped-CoA01.png\",\"contentUrl\":\"https:\/\/lum2.lt\/wp-content\/uploads\/2020\/02\/cropped-CoA01.png\",\"width\":200,\"height\":268,\"caption\":\"martensitas\"},\"logo\":{\"@id\":\"https:\/\/lum2.lt\/#\/schema\/person\/image\/\"}}]}<\/script>\n<!-- \/ Yoast SEO plugin. -->","yoast_head_json":{"title":"PRAD\u017dIA - Skanu","description":"viskio istorija Uisqe beatha Uisque baugh gyvyb\u0117s vanduo salyklas Airija \u0160kotija \u0160ventasis Patrikas distiliacija distilerija","robots":{"index":"index","follow":"follow","max-snippet":"max-snippet:-1","max-image-preview":"max-image-preview:large","max-video-preview":"max-video-preview:-1"},"canonical":"https:\/\/lum2.lt\/","og_locale":"en_GB","og_type":"article","og_title":"PRAD\u017dIA - Skanu","og_description":"viskio istorija Uisqe beatha Uisque baugh gyvyb\u0117s vanduo salyklas Airija \u0160kotija \u0160ventasis Patrikas distiliacija distilerija","og_url":"https:\/\/lum2.lt\/","og_site_name":"Skanu","article_modified_time":"2022-08-19T06:10:42+00:00","og_image":[{"url":"https:\/\/lum2.lt\/wp-content\/uploads\/2020\/02\/pradzia_banner03.jpg","type":"","width":"","height":""}],"twitter_card":"summary_large_image","twitter_misc":{"Estimated reading time":"1 minute"},"schema":{"@context":"https:\/\/schema.org","@graph":[{"@type":"WebPage","@id":"https:\/\/lum2.lt\/","url":"https:\/\/lum2.lt\/","name":"PRAD\u017dIA - Skanu","isPartOf":{"@id":"https:\/\/lum2.lt\/#website"},"primaryImageOfPage":{"@id":"https:\/\/lum2.lt\/#primaryimage"},"image":{"@id":"https:\/\/lum2.lt\/#primaryimage"},"thumbnailUrl":"https:\/\/lum2.lt\/wp-content\/uploads\/2020\/02\/pradzia_banner03.jpg","datePublished":"2020-02-04T20:30:12+00:00","dateModified":"2022-08-19T06:10:42+00:00","description":"viskio istorija Uisqe beatha Uisque baugh gyvyb\u0117s vanduo salyklas Airija \u0160kotija \u0160ventasis Patrikas distiliacija distilerija","breadcrumb":{"@id":"https:\/\/lum2.lt\/#breadcrumb"},"inLanguage":"en-GB","potentialAction":[{"@type":"ReadAction","target":["https:\/\/lum2.lt\/"]}]},{"@type":"ImageObject","inLanguage":"en-GB","@id":"https:\/\/lum2.lt\/#primaryimage","url":"https:\/\/lum2.lt\/wp-content\/uploads\/2020\/02\/pradzia_banner03.jpg","contentUrl":"https:\/\/lum2.lt\/wp-content\/uploads\/2020\/02\/pradzia_banner03.jpg","width":1024,"height":493},{"@type":"BreadcrumbList","@id":"https:\/\/lum2.lt\/#breadcrumb","itemListElement":[{"@type":"ListItem","position":1,"name":"Home","item":"https:\/\/lum2.lt\/"},{"@type":"ListItem","position":2,"name":"PRAD\u017dIA"}]},{"@type":"WebSite","@id":"https:\/\/lum2.lt\/#website","url":"https:\/\/lum2.lt\/","name":"Skanu","description":"","publisher":{"@id":"https:\/\/lum2.lt\/#\/schema\/person\/55a4f09b9befd2b5cc3fb3c9e434354b"},"potentialAction":[{"@type":"SearchAction","target":{"@type":"EntryPoint","urlTemplate":"https:\/\/lum2.lt\/?s={search_term_string}"},"query-input":{"@type":"PropertyValueSpecification","valueRequired":true,"valueName":"search_term_string"}}],"inLanguage":"en-GB"},{"@type":["Person","Organization"],"@id":"https:\/\/lum2.lt\/#\/schema\/person\/55a4f09b9befd2b5cc3fb3c9e434354b","name":"martensitas","image":{"@type":"ImageObject","inLanguage":"en-GB","@id":"https:\/\/lum2.lt\/#\/schema\/person\/image\/","url":"https:\/\/lum2.lt\/wp-content\/uploads\/2020\/02\/cropped-CoA01.png","contentUrl":"https:\/\/lum2.lt\/wp-content\/uploads\/2020\/02\/cropped-CoA01.png","width":200,"height":268,"caption":"martensitas"},"logo":{"@id":"https:\/\/lum2.lt\/#\/schema\/person\/image\/"}}]}},"uagb_featured_image_src":{"full":false,"thumbnail":false,"medium":false,"medium_large":false,"large":false,"1536x1536":false,"2048x2048":false},"uagb_author_info":{"display_name":"martensitas","author_link":"https:\/\/lum2.lt\/index.php\/author\/martensitas\/"},"uagb_comment_info":0,"uagb_excerpt":"Padegustuokim Viskis&nbsp;(i\u0161 senov\u0117s kelt\u0173 Uisqe beatha, Uisque baugh \u2013 gyvyb\u0117s vanduo, senov\u0117s angl. uishgi, \u0161iuolaikine angl\u0173 [&hellip;]","_links":{"self":[{"href":"https:\/\/lum2.lt\/index.php\/wp-json\/wp\/v2\/pages\/129","targetHints":{"allow":["GET"]}}],"collection":[{"href":"https:\/\/lum2.lt\/index.php\/wp-json\/wp\/v2\/pages"}],"about":[{"href":"https:\/\/lum2.lt\/index.php\/wp-json\/wp\/v2\/types\/page"}],"author":[{"embeddable":true,"href":"https:\/\/lum2.lt\/index.php\/wp-json\/wp\/v2\/users\/1"}],"replies":[{"embeddable":true,"href":"https:\/\/lum2.lt\/index.php\/wp-json\/wp\/v2\/comments?post=129"}],"version-history":[{"count":18,"href":"https:\/\/lum2.lt\/index.php\/wp-json\/wp\/v2\/pages\/129\/revisions"}],"predecessor-version":[{"id":1081,"href":"https:\/\/lum2.lt\/index.php\/wp-json\/wp\/v2\/pages\/129\/revisions\/1081"}],"wp:attachment":[{"href":"https:\/\/lum2.lt\/index.php\/wp-json\/wp\/v2\/media?parent=129"}],"curies":[{"name":"wp","href":"https:\/\/api.w.org\/{rel}","templated":true}]}}